{"id":419,"date":"2015-10-23T08:46:19","date_gmt":"2015-10-23T07:46:19","guid":{"rendered":"http:\/\/rb-engineering.testonline.biz\/de\/dienstleistungen\/formazione\/"},"modified":"2016-01-07T16:51:05","modified_gmt":"2016-01-07T15:51:05","slug":"formazione","status":"publish","type":"page","link":"https:\/\/www.rb-engineering.it\/de\/dienstleistungen\/formazione\/","title":{"rendered":"Ausbildung"},"content":{"rendered":"<p>RB-Engineering veranstaltet an seinem Betrieb oder an den Kundenschulungen f\u00fcr Ingenieure und Konstrukteure.<\/p>\n<p>Unsere Kurse ber\u00fchren auf all jene F\u00e4higkeiten, um die besten Ergebnisse sowohl in der Entwicklung und Produktion zu erreichen notwendig sind.<\/p>\n<p>Wir bieten 3D-Modellierung \/ 2D besonders n\u00fctzlich f\u00fcr Unternehmen, die die Notwendigkeit, die Dateien auch von betr\u00e4chtlicher Gr\u00f6\u00dfe mit dem Kauf der neuen Software zu konvertieren.<\/p>\n<p>Wir k\u00f6nnen Dateien direkt ME10 GBG EAGLE und DWG zu lesen.<\/p>\n","protected":false},"excerpt":{"rendered":"<p>RB-Engineering veranstaltet an seinem Betrieb oder an den Kundenschulungen f\u00fcr Ingenieure und Konstrukteure. Unsere Kurse ber\u00fchren auf all jene F\u00e4higkeiten, [&hellip;]<\/p>\n","protected":false},"author":1,"featured_media":0,"parent":393,"menu_order":0,"comment_status":"closed","ping_status":"closed","template":"","meta":{"_acf_changed":false,"footnotes":""},"acf":[],"aioseo_notices":[],"_links":{"self":[{"href":"https:\/\/www.rb-engineering.it\/de\/wp-json\/wp\/v2\/pages\/419"}],"collection":[{"href":"https:\/\/www.rb-engineering.it\/de\/wp-json\/wp\/v2\/pages"}],"about":[{"href":"https:\/\/www.rb-engineering.it\/de\/wp-json\/wp\/v2\/types\/page"}],"author":[{"embeddable":true,"href":"https:\/\/www.rb-engineering.it\/de\/wp-json\/wp\/v2\/users\/1"}],"replies":[{"embeddable":true,"href":"https:\/\/www.rb-engineering.it\/de\/wp-json\/wp\/v2\/comments?post=419"}],"version-history":[{"count":4,"href":"https:\/\/www.rb-engineering.it\/de\/wp-json\/wp\/v2\/pages\/419\/revisions"}],"predecessor-version":[{"id":608,"href":"https:\/\/www.rb-engineering.it\/de\/wp-json\/wp\/v2\/pages\/419\/revisions\/608"}],"up":[{"embeddable":true,"href":"https:\/\/www.rb-engineering.it\/de\/wp-json\/wp\/v2\/pages\/393"}],"wp:attachment":[{"href":"https:\/\/www.rb-engineering.it\/de\/wp-json\/wp\/v2\/media?parent=419"}],"curies":[{"name":"wp","href":"https:\/\/api.w.org\/{rel}","templated":true}]}}